{"id":2,"date":"2021-08-21T14:26:42","date_gmt":"2021-08-21T12:26:42","guid":{"rendered":"http:\/\/vincentdalbera.com\/editions\/?page_id=2"},"modified":"2024-05-06T17:29:01","modified_gmt":"2024-05-06T15:29:01","slug":"info","status":"publish","type":"page","link":"https:\/\/vincentdalbera.com\/editions\/info\/","title":{"rendered":"Informations"},"content":{"rendered":"\n<p>Ce site a \u00e9t\u00e9 cr\u00e9\u00e9 \u00e0 l&rsquo;occasion de ma participation au <a href=\"https:\/\/tokyoartbookfair.com\">Tokyo Art Book Fair (TABF) \u00ab\u00a0Online Venue\u00a0\u00bb 2021<\/a> et reste actif aujourd&rsquo;hui<\/p>\n\n\n\n<p><em>This site was created for my participation in the <a href=\"https:\/\/tokyoartbookfair.com\">Tokyo Art Book Fair (TABF) \u00ab\u00a0Online Venue\u00a0\u00bb 2021<\/a><\/em> and continues to be active today<\/p>\n\n\n\n<p><\/p>\n\n\n\n<p><strong>Envoi \/ <em>Shipping<\/em><\/strong><\/p>\n\n\n\n<p>Envoi par La Poste avec num\u00e9ro de suivi \/ <em>Shipping by La Poste with tracking number<\/em><br>France : 6,80 \u20ac \/ International : 12,65 \u20ac<\/p>\n\n\n\n<p><strong>Payement \/ <em>Payments<\/em><\/strong><\/p>\n\n\n\n<p>Avec Paypal, WooPayments et Apple Pay \/ <em>With Paypal<\/em>, WooPayments and Apple Pay<\/p>\n\n\n\n<p><strong>\u00c0 propos \/ <em>About<\/em><\/strong><\/p>\n\n\n\n<p>Artiste-auteur utilisant principalement la photographie \/<em> Artist who use mainly photography<\/em><\/p>\n\n\n\n<p>Paris, France<\/p>\n\n\n\n<p>Site internet \/ <em>Homepage<\/em> : <a href=\"https:\/\/www.vincentdalbera.com\">www.vincentdalbera.com<\/a><br>E-Mail : <a href=\"mailto:vincentdalbera@yahoo.fr\">vincentdalbera@yahoo.fr<\/a><br>Instagram : <a href=\"https:\/\/www.instagram.com\/vincentdalbera\/\">@vincentdalbera<\/a><br><a href=\"http:\/\/bit.ly\/vincent-dalbera-newsletter\">S&rsquo;inscrire \u00e0 la newsletter \/ <em>Subscribe to the newsletter<\/em> \u2192<\/a><\/p>\n\n\n\n<p><strong>Librairies \/ <em>Stockists<\/em><\/strong><\/p>\n\n\n\n<p><a href=\"https:\/\/www.librairievolume.fr\/\">VOLUME<\/a> (Paris, FR)<br><a href=\"https:\/\/www.galerieecho119.com\">\u00e9cho 119<\/a> (Paris, FR)<br><a href=\"https:\/\/www.librairiejeudepaume.org\/livre\/9782956758006-11-05-2015-dalbera-vincent\/\">Librairie du Jeu de Paume<\/a> (Paris, FR) *<sup>disponible en ligne \/ <em>available online<\/em><\/sup><br><a href=\"https:\/\/librairiesanstitre.com\">librairie sans titre<\/a> (Paris, FR)<br><a href=\"https:\/\/www.lebalbooks.com\/journal-du-japon-2013-2018?popup=true\">LE BAL Books<\/a> (Paris, FR) *<sup>disponible en ligne \/ <em>available online<\/em><\/sup><br><a href=\"https:\/\/www.instagram.com\/entrechiens_etloups\/\">Entre Chiens et Loups<\/a> (Marseille, FR)<\/p>\n","protected":false},"excerpt":{"rendered":"<p>Ce site a \u00e9t\u00e9 cr\u00e9\u00e9 \u00e0 l&rsquo;occasion de ma participation au Tokyo Art Book Fair (TABF) \u00ab\u00a0Online Venue\u00a0\u00bb 2021 et reste actif aujourd&rsquo;hui This site was created for my participation in the Tokyo Art Book Fair (TABF) \u00ab\u00a0Online Venue\u00a0\u00bb 2021 and continues to be active today Envoi \/ Shipping Envoi par La Poste avec num\u00e9ro [&hellip;]<\/p>\n","protected":false},"author":1,"featured_media":0,"parent":0,"menu_order":0,"comment_status":"closed","ping_status":"open","template":"","meta":{"footnotes":""},"class_list":["post-2","page","type-page","status-publish","hentry"],"_links":{"self":[{"href":"https:\/\/vincentdalbera.com\/editions\/wp-json\/wp\/v2\/pages\/2","targetHints":{"allow":["GET"]}}],"collection":[{"href":"https:\/\/vincentdalbera.com\/editions\/wp-json\/wp\/v2\/pages"}],"about":[{"href":"https:\/\/vincentdalbera.com\/editions\/wp-json\/wp\/v2\/types\/page"}],"author":[{"embeddable":true,"href":"https:\/\/vincentdalbera.com\/editions\/wp-json\/wp\/v2\/users\/1"}],"replies":[{"embeddable":true,"href":"https:\/\/vincentdalbera.com\/editions\/wp-json\/wp\/v2\/comments?post=2"}],"version-history":[{"count":31,"href":"https:\/\/vincentdalbera.com\/editions\/wp-json\/wp\/v2\/pages\/2\/revisions"}],"predecessor-version":[{"id":289,"href":"https:\/\/vincentdalbera.com\/editions\/wp-json\/wp\/v2\/pages\/2\/revisions\/289"}],"wp:attachment":[{"href":"https:\/\/vincentdalbera.com\/editions\/wp-json\/wp\/v2\/media?parent=2"}],"curies":[{"name":"wp","href":"https:\/\/api.w.org\/{rel}","templated":true}]}}