{"id":291,"date":"2025-07-23T00:17:28","date_gmt":"2025-07-22T22:17:28","guid":{"rendered":"https:\/\/vincentdalbera.com\/editions\/?post_type=product&#038;p=291"},"modified":"2025-10-14T20:53:26","modified_gmt":"2025-10-14T18:53:26","slug":"boulevard-de-magenta","status":"publish","type":"product","link":"https:\/\/vincentdalbera.com\/editions\/edition\/boulevard-de-magenta\/","title":{"rendered":"Boulevard de Magenta"},"content":{"rendered":"<p>&#8211; Auto-\u00e9dit\u00e9, imprim\u00e9 \u00e0 Paris, mai 2025<br \/>\n&#8211; 48 photographies noir et blanc<br \/>\n&#8211; 39 x 27,5 cm ferm\u00e9, 60 pages<br \/>\n&#8211; Limit\u00e9 \u00e0 30 exemplaires num\u00e9rot\u00e9s<br \/>\n&#8211; ISBN 978-2-9567580-7-5<\/p>\n<p>\u00a9 ADAGP, Paris, 2025<\/p>\n","protected":false},"excerpt":{"rendered":"<p>Intrigu\u00e9 et fascin\u00e9 depuis longtemps par ce boulevard du 10e arrondissement de Paris, j\u2019ai voulu documenter mon impression, telle quelle, avant que le boulevard ne change. Trois pellicules argentiques au format 6&#215;4,5cm ont \u00e9t\u00e9 utilis\u00e9es, dont aucune photographie n\u2019a \u00e9t\u00e9 rejet\u00e9e. Toutes sont pr\u00e9sent\u00e9es dans l\u2019ordre de prise de vue depuis la place de la R\u00e9publique jusqu\u2019\u00e0 Barb\u00e8s, une matin\u00e9e ensoleill\u00e9e d\u2019un mercredi 23 octobre.<\/p>\n<p>Avec un texte de Anna Ellermets<br \/>\nExtrait \u00ab\u00a0[\u2026] Toutes ces prises de vue portent en elles le temps qui les a devanc\u00e9s, le temps qui lui ont permit ce jour-l\u00e0 de saisir l\u2019intensit\u00e9 d\u2019une vitrine placard\u00e9e, de la poussi\u00e8re sur un lampadaire, des rayons de soleil venant recouper un paysage sur les d\u00e9bris de chantier au fond d\u2019un camion. Ces vues sont discr\u00e8tes, nous avons l\u2019impression de les avoir d\u00e9j\u00e0 vues, de nous \u00eatre d\u00e9j\u00e0 arr\u00eat\u00e9s devant les hautes herbes de l\u2019\u00e9glise Saint Laurent\u00a0[\u2026] \u00bb<\/p>\n<p><em>Intrigued and fascinated for a long time by this boulevard in the 10th arrondissement of Paris, I wanted to document my impression before it changed too much. Three rolls of 120 film in 645 format, none of the photographs rejected. All are shown in the order in which they were taken, from Place de la R\u00e9publique to Barb\u00e8s, on a sunny Wednesday morning, 23 October.<\/em><\/p>\n<p><em>With a text by Anna Ellermets<\/em><br \/>\n<em>Excerpt \u00a0\u00bb [&#8230;] All these shots carry with them the time that preceded them, the time that enabled him that day to capture the intensity of a shop window, the dust on a lamppost, the sun&rsquo;s rays intersecting a landscape on the construction debris at the back of a truck. These views are unobtrusive; we feel as if we&rsquo;ve seen them before, as if we&rsquo;ve already stopped in front of the tall grass of Saint Laurent church [&#8230;]\u00a0\u00bb.<\/em><\/p>\n","protected":false},"featured_media":318,"template":"","meta":[],"product_brand":[],"product_cat":[16],"product_tag":[],"class_list":{"0":"post-291","1":"product","2":"type-product","3":"status-publish","4":"has-post-thumbnail","6":"product_cat-editions-books","8":"first","9":"instock","10":"shipping-taxable","11":"purchasable","12":"product-type-simple"},"_links":{"self":[{"href":"https:\/\/vincentdalbera.com\/editions\/wp-json\/wp\/v2\/product\/291","targetHints":{"allow":["GET"]}}],"collection":[{"href":"https:\/\/vincentdalbera.com\/editions\/wp-json\/wp\/v2\/product"}],"about":[{"href":"https:\/\/vincentdalbera.com\/editions\/wp-json\/wp\/v2\/types\/product"}],"wp:featuredmedia":[{"embeddable":true,"href":"https:\/\/vincentdalbera.com\/editions\/wp-json\/wp\/v2\/media\/318"}],"wp:attachment":[{"href":"https:\/\/vincentdalbera.com\/editions\/wp-json\/wp\/v2\/media?parent=291"}],"wp:term":[{"taxonomy":"product_brand","embeddable":true,"href":"https:\/\/vincentdalbera.com\/editions\/wp-json\/wp\/v2\/product_brand?post=291"},{"taxonomy":"product_cat","embeddable":true,"href":"https:\/\/vincentdalbera.com\/editions\/wp-json\/wp\/v2\/product_cat?post=291"},{"taxonomy":"product_tag","embeddable":true,"href":"https:\/\/vincentdalbera.com\/editions\/wp-json\/wp\/v2\/product_tag?post=291"}],"curies":[{"name":"wp","href":"https:\/\/api.w.org\/{rel}","templated":true}]}}