{"id":70,"date":"2021-09-17T14:08:48","date_gmt":"2021-09-17T12:08:48","guid":{"rendered":"https:\/\/vincentdalbera.com\/editions\/?post_type=product&#038;p=70"},"modified":"2025-10-14T22:40:40","modified_gmt":"2025-10-14T20:40:40","slug":"2015-12-20-2016-03-04-the-tour-of-yamanote-line","status":"publish","type":"product","link":"https:\/\/vincentdalbera.com\/editions\/edition\/2015-12-20-2016-03-04-the-tour-of-yamanote-line\/","title":{"rendered":"\u00ab\u00a02015\/12\/20, 2016\/03\/04\u00a0\u00bb (the tour of Yamanote line)"},"content":{"rendered":"<p>\u2013 Self-published, printed in France, October 2021<br \/>\n\u2013 50 numbered copies<br \/>\n\u2013 Soft cover, digital press<br \/>\n\u2013 23 photographs<br \/>\n\u2013 20 x 14 cm,\u00a040 pages<br \/>\n\u2013 ISBN<span class=\"Apple-converted-space\">\u00a0 <\/span>978-2-9567580-1-3<\/p>\n<p><em>First edition<\/em><\/p>\n<p>\u00a9 ADAGP, Paris, 2021<\/p>\n<div style=\"width: 980px;\" class=\"wp-video\"><video class=\"wp-video-shortcode\" id=\"video-70-1\" width=\"980\" height=\"551\" preload=\"metadata\" controls=\"controls\"><source type=\"video\/mp4\" src=\"https:\/\/vincentdalbera.com\/editions\/wp-content\/uploads\/2021\/09\/yamanotefocus.mp4?_=1\" \/><a href=\"https:\/\/vincentdalbera.com\/editions\/wp-content\/uploads\/2021\/09\/yamanotefocus.mp4\">https:\/\/vincentdalbera.com\/editions\/wp-content\/uploads\/2021\/09\/yamanotefocus.mp4<\/a><\/video><\/div>\n","protected":false},"excerpt":{"rendered":"<p>Sur le m\u00eame principe que <em>11\/05\/2015<\/em> ou le tour du boulevard p\u00e9riph\u00e9rique, il s\u2019agit cette fois-ci d\u2019un tour de la Yamanote, la ligne de m\u00e9tro circulaire et a\u00e9rienne de Tokyo. Par deux jours de marche en partant du nord et en suivant le sens horaire,\u00a0le parcours est restitu\u00e9 en photographies. La ligne traverse les multiples centres de Tokyo, entre lesquels on peut rencontrer des lieux diff\u00e9rents et inattendus. De plus, le tour de la ligne Yamanote compar\u00e9 \u00e0 celui du boulevard p\u00e9riph\u00e9rique, a presque une distance \u00e9quivalente.<\/p>\n<p>\u3053\u308c\u306f\u3001\u300cCity tour series\u300d\u3068\u3044\u3046\u30d7\u30ed\u30b8\u30a7\u30af\u30c8\u306e\u3046\u3061\u4e00\u3064\u306e\u5199\u771f\u96c6\u30022\u3064\u76ee\u306e\u30b7\u30ea\u30fc\u30ba\u3068\u3057\u3066\u3001\u6771\u4eac\u306e\u5c71\u624b\u7dda\u6cbf\u3044\u30922\u65e5\u9593\u304b\u3051\u3066\u6b69\u304d\u3064\u3064\u5199\u771f\u3092\u64ae\u5f71\u3057\u305f\u3002\u521d\u65e5\u306e\u300c2015\/12\/20\u300d\u306b\u306f\u5317\u304b\u3089\u5357\u3078\u30012\u65e5\u76ee\u306e\u300c2016\/03\/04\u300d\u306b\u306f\u5357\u304b\u3089\u5317\u3078\u3068\u3001\u6642\u8a08\u56de\u308a\u3068\u540c\u3058\u65b9\u5411\u3067\u9032\u884c\u3002\u672c\u66f8\u306b\u7de8\u96c6\u3055\u308c\u3066\u3044\u308b\u5199\u771f\u306e\u9806\u756a\u306f\u305d\u308c\u3089\u304c\u64ae\u5f71\u3055\u308c\u3066\u3044\u308b\u306e\u3082\u306e\u3068\u540c\u3058\u3067\u3042\u308a\u3001\u89b3\u89a7\u8005\u304c\u6771\u4eac\u306e\u8857\u3092\u6563\u7b56\u3057\u3066\u3044\u308b\u304b\u306e\u3088\u3046\u306b\u3001\u5199\u771f\u5bb6\u3068\u306e\u4f53\u9a13\u3092\u5171\u6709\u3059\u308b\u3053\u3068\u304c\u3067\u304d\u308b\u3002* \u6700\u521d\u306e\u30b7\u30ea\u30fc\u30ba\u300c11\/05\/2015\u300d\u306f2015\u5e74\u306b\u30d1\u30ea\u306e\u74b0\u72b6\u9053\u8def\u3092\u540c\u69d8\u306b\u6b69\u304d\u3064\u3064\u3068\u3063\u305f\u5199\u771f\u96c6\u3002<\/p>\n<p><em>Follow the Yamanote line, on two separate days from two months (2015\/12\/20 and 2016\/03\/04). From north to south the first time, and from south to north the second time in the direction of clockwise. The edition reproduces the photographs of the walk. The line passes through the multiple centers of Tokyo, between which we can meet different and unexpected places. This project follows on from a similar first project, the tour of the Boulevard P\u00e9riph\u00e9rique in Paris, a road that encircles the city with an equivalent distance.<\/em><\/p>\n","protected":false},"featured_media":235,"template":"","meta":[],"product_brand":[],"product_cat":[16],"product_tag":[],"class_list":{"0":"post-70","1":"product","2":"type-product","3":"status-publish","4":"has-post-thumbnail","6":"product_cat-editions-books","8":"first","9":"instock","10":"shipping-taxable","11":"purchasable","12":"product-type-simple"},"_links":{"self":[{"href":"https:\/\/vincentdalbera.com\/editions\/wp-json\/wp\/v2\/product\/70","targetHints":{"allow":["GET"]}}],"collection":[{"href":"https:\/\/vincentdalbera.com\/editions\/wp-json\/wp\/v2\/product"}],"about":[{"href":"https:\/\/vincentdalbera.com\/editions\/wp-json\/wp\/v2\/types\/product"}],"wp:featuredmedia":[{"embeddable":true,"href":"https:\/\/vincentdalbera.com\/editions\/wp-json\/wp\/v2\/media\/235"}],"wp:attachment":[{"href":"https:\/\/vincentdalbera.com\/editions\/wp-json\/wp\/v2\/media?parent=70"}],"wp:term":[{"taxonomy":"product_brand","embeddable":true,"href":"https:\/\/vincentdalbera.com\/editions\/wp-json\/wp\/v2\/product_brand?post=70"},{"taxonomy":"product_cat","embeddable":true,"href":"https:\/\/vincentdalbera.com\/editions\/wp-json\/wp\/v2\/product_cat?post=70"},{"taxonomy":"product_tag","embeddable":true,"href":"https:\/\/vincentdalbera.com\/editions\/wp-json\/wp\/v2\/product_tag?post=70"}],"curies":[{"name":"wp","href":"https:\/\/api.w.org\/{rel}","templated":true}]}}