{"id":79,"date":"2021-09-17T14:21:10","date_gmt":"2021-09-17T12:21:10","guid":{"rendered":"https:\/\/vincentdalbera.com\/editions\/?post_type=product&#038;p=79"},"modified":"2025-10-14T22:42:57","modified_gmt":"2025-10-14T20:42:57","slug":"2016-10-17-the-tour-of-osaka-loop","status":"publish","type":"product","link":"https:\/\/vincentdalbera.com\/editions\/edition\/2016-10-17-the-tour-of-osaka-loop\/","title":{"rendered":"\u00ab\u00a02016\/10\/17\u00a0\u00bb (the tour of Osaka Loop)"},"content":{"rendered":"<p>\u2013 Self-published, printed in France, October 2021<br \/>\n\u2013 50 numbered copies<br \/>\n\u2013 Soft cover, digital press<br \/>\n\u2013 23 photographs<br \/>\n\u2013 20 x 14 cm,\u00a040 pages<br \/>\n\u2013 ISBN<span class=\"Apple-converted-space\">\u00a0 <\/span>978-2-9567580-2-0<\/p>\n<p><em>First edition<\/em><\/p>\n<p>\u00a9 ADAGP, Paris, 2021<\/p>\n<div style=\"width: 980px;\" class=\"wp-video\"><video class=\"wp-video-shortcode\" id=\"video-79-1\" width=\"980\" height=\"551\" preload=\"metadata\" controls=\"controls\"><source type=\"video\/mp4\" src=\"https:\/\/vincentdalbera.com\/editions\/wp-content\/uploads\/2021\/09\/osakafocus.mp4?_=1\" \/><a href=\"https:\/\/vincentdalbera.com\/editions\/wp-content\/uploads\/2021\/09\/osakafocus.mp4\">https:\/\/vincentdalbera.com\/editions\/wp-content\/uploads\/2021\/09\/osakafocus.mp4<\/a><\/video><\/div>\n","protected":false},"excerpt":{"rendered":"<p>Suite aux tours du boulevard p\u00e9riph\u00e9rique \u00e0 Paris et de la ligne Yamanote \u00e0 Tokyo, il s\u2019agit cette fois-ci d\u2019un tour de l\u2019Osaka Loop, la ligne de train circulaire \u00e0 Osaka. Un jour de marche le long de la ligne \u00e0 observer la ville, en partant du nord dans le sens horaire. Les photographies sont montr\u00e9es dans le m\u00eame ordre qu\u2019elles ont \u00e9t\u00e9 prises, ce qui permet de partager l\u2019exp\u00e9rience au lecteur.<\/p>\n<p>\u30d1\u30ea\u306e\u74b0\u72b6\u7dda\u3001\u6771\u4eac\u306e\u5c71\u624b\u7dda\u306b\u7d9a\u304d\u3001\u7b2c3\u756a\u76ee\u306e\u30b7\u30ea\u30fc\u30ba\u300c2016\/10\/17\u300d\u3067\u306f\u3001\u5927\u962a\u306e\u9244\u9053\u8def\u7dda\u300c\u5927\u962a\u74b0\u72b6\u7dda\u300d\u3092\u821e\u53f0\u306b\u3057\u3066\u3044\u308b\u3002\u3053\u306e\u8def\u7dda\u306b\u6cbf\u3063\u3066\u6b69\u304f\u4e00\u65e5\u306f\u3001\u5317\u304b\u3089\u6642\u8a08\u56de\u308a\u3068\u540c\u3058\u65b9\u5411\u306b\u59cb\u307e\u308a\u3001\u5199\u771f\u5bb6\u306f\u5927\u962a\u306e\u90fd\u5e02\u98a8\u666f\u306b\u3058\u3063\u304f\u308a\u76ee\u3092\u914d\u308a\u3064\u3064\u64ae\u5f71\u3057\u305f\u3002\u63b2\u8f09\u3055\u308c\u3066\u3044\u308b\u5199\u771f\u306e\u9806\u756a\u306f\u64ae\u5f71\u3055\u308c\u305f\u3082\u306e\u3068\u540c\u69d8\u3067\u3042\u308b\u305f\u3081\u3001\u8aad\u8005\u306f\u5199\u771f\u5bb6\u3068\u540c\u3058\u3088\u3046\u306b\u3001\u3053\u306e\u8857\u306e\u89b3\u5bdf\u3092\u4f53\u9a13\u3059\u308b\u3053\u3068\u304c\u3067\u308b\u3002<\/p>\n<p><em>Following the previous tours of the ring road in Paris and the Yamanote line in Tokyo, this time it is a tour of the Osaka Loop, the circular train line in Osaka. A day of walking along the line and observing the city, starting from the north in a clockwise direction. The photos displayed in this book are respectively in the same order as these are taken, which allows sharing this experience with readers as if they also took a walk around the city of Osaka.<\/em><\/p>\n","protected":false},"featured_media":234,"template":"","meta":[],"product_brand":[],"product_cat":[16],"product_tag":[],"class_list":{"0":"post-79","1":"product","2":"type-product","3":"status-publish","4":"has-post-thumbnail","6":"product_cat-editions-books","8":"first","9":"instock","10":"shipping-taxable","11":"purchasable","12":"product-type-simple"},"_links":{"self":[{"href":"https:\/\/vincentdalbera.com\/editions\/wp-json\/wp\/v2\/product\/79","targetHints":{"allow":["GET"]}}],"collection":[{"href":"https:\/\/vincentdalbera.com\/editions\/wp-json\/wp\/v2\/product"}],"about":[{"href":"https:\/\/vincentdalbera.com\/editions\/wp-json\/wp\/v2\/types\/product"}],"wp:featuredmedia":[{"embeddable":true,"href":"https:\/\/vincentdalbera.com\/editions\/wp-json\/wp\/v2\/media\/234"}],"wp:attachment":[{"href":"https:\/\/vincentdalbera.com\/editions\/wp-json\/wp\/v2\/media?parent=79"}],"wp:term":[{"taxonomy":"product_brand","embeddable":true,"href":"https:\/\/vincentdalbera.com\/editions\/wp-json\/wp\/v2\/product_brand?post=79"},{"taxonomy":"product_cat","embeddable":true,"href":"https:\/\/vincentdalbera.com\/editions\/wp-json\/wp\/v2\/product_cat?post=79"},{"taxonomy":"product_tag","embeddable":true,"href":"https:\/\/vincentdalbera.com\/editions\/wp-json\/wp\/v2\/product_tag?post=79"}],"curies":[{"name":"wp","href":"https:\/\/api.w.org\/{rel}","templated":true}]}}